{"id":38,"date":"2023-10-09T14:37:11","date_gmt":"2023-10-09T14:37:11","guid":{"rendered":"https:\/\/berkeley-capital.eu\/?page_id=38"},"modified":"2025-12-07T11:46:03","modified_gmt":"2025-12-07T11:46:03","slug":"impressum","status":"publish","type":"page","link":"https:\/\/berkeley-capital.eu\/?page_id=38","title":{"rendered":"Impress"},"content":{"rendered":"\n<p><strong>Angaben gem\u00e4\u00df \u00a7 5 TMG<\/strong><\/p>\n\n\n\n<p>Berkeley Capital Verwaltungs GmbH <\/p>\n\n\n\n<p>Postalisch: \u2105 Berkeley Capital Verwaltungs GmbH, Wendfelder Damm 22, 48691 Vreden<\/p>\n\n\n\n<p>Handelsregister: HRB 84875 <\/p>\n\n\n\n<p>Registergericht: Amtsgericht K\u00f6ln<\/p>\n\n\n\n<p>Information: Die Berkeley Capital Verwaltungs GmbH ist Komplement\u00e4r der Berkeley Capital GmbH &amp; Co KG mit Sitz in K\u00f6ln.<\/p>\n\n\n\n<p><strong>Vertreten durch:<\/strong><\/p>\n\n\n\n<p>Dipl.-Kfm. Markus G. Bu\u00dfmann, MBA<\/p>\n\n\n\n<p><strong>Kontakt<\/strong><\/p>\n\n\n\n<p>Telefon: +49 (0) 2564 9360 0 , E-Mail: contact@berkeley-capital.eu<\/p>\n\n\n\n<p><strong>Verbraucherstreitbeilegung\/Universalschlichtungsstelle<\/strong><\/p>\n\n\n\n<p>Wir sind nicht bereit oder verpflichtet, an Streitbeilegungsverfahren vor einer Verbraucherschlichtungsstelle teilzunehmen.<\/p>\n","protected":false},"excerpt":{"rendered":"<p>Angaben gem\u00e4\u00df \u00a7 5 TMG Berkeley Capital Verwaltungs GmbH Postalisch: \u2105 Berkeley Capital Verwaltungs GmbH, Wendfelder Damm 22, 48691 Vreden Handelsregister: HRB 84875 Registergericht: Amtsgericht K\u00f6ln Information: Die Berkeley Capital Verwaltungs GmbH ist Komplement\u00e4r der Berkeley Capital GmbH &amp; Co KG mit Sitz in K\u00f6ln. Vertreten durch: Dipl.-Kfm. Markus G. Bu\u00dfmann, MBA Kontakt Telefon: +49 [&hellip;]<\/p>\n","protected":false},"author":1,"featured_media":0,"parent":0,"menu_order":0,"comment_status":"closed","ping_status":"closed","template":"","meta":{"footnotes":""},"class_list":["post-38","page","type-page","status-publish","hentry","post"],"_links":{"self":[{"href":"https:\/\/berkeley-capital.eu\/index.php?rest_route=\/wp\/v2\/pages\/38","targetHints":{"allow":["GET"]}}],"collection":[{"href":"https:\/\/berkeley-capital.eu\/index.php?rest_route=\/wp\/v2\/pages"}],"about":[{"href":"https:\/\/berkeley-capital.eu\/index.php?rest_route=\/wp\/v2\/types\/page"}],"author":[{"embeddable":true,"href":"https:\/\/berkeley-capital.eu\/index.php?rest_route=\/wp\/v2\/users\/1"}],"replies":[{"embeddable":true,"href":"https:\/\/berkeley-capital.eu\/index.php?rest_route=%2Fwp%2Fv2%2Fcomments&post=38"}],"version-history":[{"count":6,"href":"https:\/\/berkeley-capital.eu\/index.php?rest_route=\/wp\/v2\/pages\/38\/revisions"}],"predecessor-version":[{"id":78,"href":"https:\/\/berkeley-capital.eu\/index.php?rest_route=\/wp\/v2\/pages\/38\/revisions\/78"}],"wp:attachment":[{"href":"https:\/\/berkeley-capital.eu\/index.php?rest_route=%2Fwp%2Fv2%2Fmedia&parent=38"}],"curies":[{"name":"wp","href":"https:\/\/api.w.org\/{rel}","templated":true}]}}